{"id":283,"date":"2019-07-28T10:01:14","date_gmt":"2019-07-28T10:01:14","guid":{"rendered":"http:\/\/www.maiyachtclub.com\/index.php\/contact\/"},"modified":"2023-05-03T14:21:37","modified_gmt":"2023-05-03T14:21:37","slug":"contact","status":"publish","type":"page","link":"http:\/\/www.maiyachtclub.com\/index.php\/contact\/","title":{"rendered":"Contact"},"content":{"rendered":"<!--themify_builder_content-->\n<div id=\"themify_builder_content-283\" data-postid=\"283\" class=\"themify_builder_content themify_builder_content-283 themify_builder tf_clear\">\n    \t\t\t<!-- module_row -->\n\t<div  data-css_id=\"9xkm62\" data-lazy=\"1\" class=\"module_row themify_builder_row fullwidth_row_container tb_9xkm62 tb_first tf_w tf_clearfix\">\n\t    <div class=\"builder_row_cover tf_abs\"><\/div><div class=\"tb_row_frame_wrap tf_overflow tf_abs\" data-lazy=\"1\"><div class=\"tb_row_frame tb_row_frame_bottom  tf_abs tf_hide tf_overflow tf_w\"><\/div><\/div>\t\t\t<div class=\"row_inner col_align_top tb_col_count_2 tf_box tf_rel\">\n\t\t            <div  data-lazy=\"1\" class=\"module_column tb-column col4-2 tb_dxak63 first\">\n                                                        <div class=\"tb-column-inner tf_box tf_w\">\n                        <!-- module text -->\n<div  class=\"module module-text tb_9sn964    hide-desktop hide-tablet hide-tablet_landscape hide-mobile\" data-lazy=\"1\">\n        <div  class=\"tb_text_wrap\">\n    <h1>Get Your 3 Free Sessions!<\/h1>\n<h3>Set yourself up for success.<\/h3>    <\/div>\n<\/div>\n<!-- \/module text -->                    <\/div>\n                            <\/div>\n                        <div  data-lazy=\"1\" class=\"module_column tb-column col4-2 tb_lqn865 last\">\n                                                <\/div>\n            \t    <\/div>\n\t    <!-- \/row_inner -->\n\t<\/div>\n\t<!-- \/module_row -->\n\t\t\t\t<!-- module_row -->\n\t<div  data-lazy=\"1\" class=\"module_row themify_builder_row tb_0pp5943 tf_w tf_clearfix\">\n\t    \t\t\t<div class=\"row_inner col_align_middle gutter-none tb_col_count_2 tf_box tf_rel\">\n\t\t            <div  data-lazy=\"1\" class=\"module_column tb-column col4-2 tb_9109945 first\">\n                                                        <div class=\"tb-column-inner tf_box tf_w\">\n                        <!-- module text -->\n<div  class=\"module module-text tb_ki65416   \" data-lazy=\"1\">\n        <div  class=\"tb_text_wrap\">\n    <h3>\u0130leti\u015fim<\/h3>\n<p><span style=\"font-weight: 400;\">Adres: Fevzi \u00c7akmak Cad. No.38 \u0130kinci Karag\u00f6zler Mevkii, Fethiye, Mu\u011fla<\/span><\/p>\n<p><span style=\"font-weight: 400;\">Telefon: +90 533 474 0303<\/span><\/p>\n<p><span style=\"font-weight: 400;\">e-mail: <a href=\"mailto:info@maiyachtclub.com\">info@maiyachtclub.com<\/a><\/span><\/p>    <\/div>\n<\/div>\n<!-- \/module text -->                    <\/div>\n                            <\/div>\n                        <div  data-lazy=\"1\" class=\"module_column tb-column col4-2 tb_rooe734 last\">\n                                                        <div class=\"tb-column-inner tf_box tf_w\">\n                        <!-- module image -->\n<div  class=\"module module-image tb_6pof404   image-top tf_mw\" data-lazy=\"1\">\n        <div class=\"image-wrap tf_rel tf_mw\">\n\t\t    <a href=\"https:\/\/www.google.com\/maps\/place\/Mai+Yacht+Club\/@36.6208759,29.0930469,15z\/data=!4m6!3m5!1s0x14c041c8007674c3:0xa956bae5f6fc8c20!8m2!3d36.6208759!4d29.0930469!16s%2Fg%2F11kk41plvc?hl=tr\"\n\t        rel=\"noopener\" target=\"_blank\"\t       >\n\t\t   \t\t<img src=\"http:\/\/www.maiyachtclub.com\/wp-content\/uploads\/2023\/02\/map-copy-1024x765-630x500.jpg\" width=\"630\" height=\"500\" class=\"wp-post-image wp-image-343\" title=\"map copy\" alt=\"map copy\">\t    <\/a>\n\t\n\t\t<\/div>\n\t<!-- \/image-wrap -->\n    \n    \t<\/div>\n<!-- \/module image -->                    <\/div>\n                            <\/div>\n            \t    <\/div>\n\t    <!-- \/row_inner -->\n\t<\/div>\n\t<!-- \/module_row -->\n\t\t\t\t<!-- module_row -->\n\t<div  data-lazy=\"1\" class=\"module_row themify_builder_row tb_9qit34 tf_w tf_clearfix\">\n\t    \t\t\t<div class=\"row_inner col_align_top tb_col_count_1 tf_box tf_rel\">\n\t\t            <div  data-lazy=\"1\" class=\"module_column tb-column col-full tb_oxne34 first\">\n                                                <\/div>\n            \t    <\/div>\n\t    <!-- \/row_inner -->\n\t<\/div>\n\t<!-- \/module_row -->\n\t<\/div>\n<!--\/themify_builder_content-->","protected":false},"excerpt":{"rendered":"<p>Get Your 3 Free Sessions! Set yourself up for success. \u0130leti\u015fim Adres: Fevzi \u00c7akmak Cad. No.38 \u0130kinci Karag\u00f6zler Mevkii, Fethiye, Mu\u011fla Telefon: +90 533 474 0303 e-mail: info@maiyachtclub.com<\/p>\n","protected":false},"author":1,"featured_media":0,"parent":0,"menu_order":0,"comment_status":"closed","ping_status":"closed","template":"","meta":{"footnotes":""},"builder_content":"<h1>Get Your 3 Free Sessions!<\/h1> <h3>Set yourself up for success.<\/h3>\n<h3>\u0130leti\u015fim<\/h3> <p>Adres: Fevzi \u00c7akmak Cad. No.38 \u0130kinci Karag\u00f6zler Mevkii, Fethiye, Mu\u011fla<\/p> <p>Telefon: +90 533 474 0303<\/p> <p>e-mail: <a href=\"mailto:info@maiyachtclub.com\">info@maiyachtclub.com<\/a><\/p>\n<a href=\"https:\/\/www.google.com\/maps\/place\/Mai+Yacht+Club\/@36.6208759,29.0930469,15z\/data=!4m6!3m5!1s0x14c041c8007674c3:0xa956bae5f6fc8c20!8m2!3d36.6208759!4d29.0930469!16s%2Fg%2F11kk41plvc?hl=tr\" rel=\"noopener\" target=\"_blank\" > <img src=\"http:\/\/www.maiyachtclub.com\/wp-content\/uploads\/2023\/02\/map-copy-1024x765-630x500.jpg\" width=\"630\" height=\"500\" title=\"map copy\" alt=\"map copy\"> <\/a>","_links":{"self":[{"href":"http:\/\/www.maiyachtclub.com\/index.php\/wp-json\/wp\/v2\/pages\/283"}],"collection":[{"href":"http:\/\/www.maiyachtclub.com\/index.php\/wp-json\/wp\/v2\/pages"}],"about":[{"href":"http:\/\/www.maiyachtclub.com\/index.php\/wp-json\/wp\/v2\/types\/page"}],"author":[{"embeddable":true,"href":"http:\/\/www.maiyachtclub.com\/index.php\/wp-json\/wp\/v2\/users\/1"}],"replies":[{"embeddable":true,"href":"http:\/\/www.maiyachtclub.com\/index.php\/wp-json\/wp\/v2\/comments?post=283"}],"version-history":[{"count":8,"href":"http:\/\/www.maiyachtclub.com\/index.php\/wp-json\/wp\/v2\/pages\/283\/revisions"}],"predecessor-version":[{"id":347,"href":"http:\/\/www.maiyachtclub.com\/index.php\/wp-json\/wp\/v2\/pages\/283\/revisions\/347"}],"wp:attachment":[{"href":"http:\/\/www.maiyachtclub.com\/index.php\/wp-json\/wp\/v2\/media?parent=283"}],"curies":[{"name":"wp","href":"https:\/\/api.w.org\/{rel}","templated":true}]}}