{"id":284,"date":"2019-07-28T10:01:34","date_gmt":"2019-07-28T10:01:34","guid":{"rendered":"http:\/\/www.maiyachtclub.com\/index.php\/activities-2\/"},"modified":"2022-12-22T14:26:53","modified_gmt":"2022-12-22T14:26:53","slug":"activities-2","status":"publish","type":"page","link":"http:\/\/www.maiyachtclub.com\/index.php\/activities-2\/","title":{"rendered":"Activities"},"content":{"rendered":"<!--themify_builder_content-->\n<div id=\"themify_builder_content-284\" data-postid=\"284\" class=\"themify_builder_content themify_builder_content-284 themify_builder tf_clear\">\n    \t\t\t<!-- module_row -->\n\t<div  data-css_id=\"pn1e619\" data-lazy=\"1\" class=\"module_row themify_builder_row fullwidth_row_container tb_pn1e619 tb_first tf_w tf_clearfix\">\n\t    <div class=\"builder_row_cover tf_abs\"><\/div><div class=\"tb_row_frame_wrap tf_overflow tf_abs\" data-lazy=\"1\"><div class=\"tb_row_frame tb_row_frame_bottom  tf_abs tf_hide tf_overflow tf_w\"><\/div><\/div>\t\t\t<div class=\"row_inner col_align_top tb_col_count_2 tf_box tf_rel\">\n\t\t            <div  data-lazy=\"1\" class=\"module_column tb-column col4-2 tb_t006620 first\">\n                                                        <div class=\"tb-column-inner tf_box tf_w\">\n                        <!-- module text -->\n<div  class=\"module module-text tb_w5wq620    hide-desktop hide-tablet hide-tablet_landscape hide-mobile\" data-lazy=\"1\">\n        <div  class=\"tb_text_wrap\">\n    <h1>Classes &amp; Activities<\/h1>\n<h3>Monthly Pass = free unlimited classes.<\/h3>\n<h3>Or join one class, get a bonus class free.\u00a0<\/h3>    <\/div>\n<\/div>\n<!-- \/module text -->                    <\/div>\n                            <\/div>\n                        <div  data-lazy=\"1\" class=\"module_column tb-column col4-2 tb_hgyo621 last\">\n                                                <\/div>\n            \t    <\/div>\n\t    <!-- \/row_inner -->\n\t<\/div>\n\t<!-- \/module_row -->\n\t\t\t\t<!-- module_row -->\n\t<div  data-anchor=\"events\" data-lazy=\"1\" class=\"module_row themify_builder_row tb_has_section tb_section-events tb_naov150 tf_w tf_clearfix\">\n\t    \t\t\t<div class=\"row_inner col_align_top tb_col_count_2 tf_box tf_rel\">\n\t\t            <div  data-lazy=\"1\" class=\"module_column tb-column tb_toui151 first\">\n                                                        <div class=\"tb-column-inner tf_box tf_w\">\n                        \t<div  data-lazy=\"1\" class=\"module_subrow themify_builder_sub_row tb_z7hb649 tf_w tf_clearfix\">\n\t    \t\t\t<div class=\"subrow_inner col_align_top tb_col_count_1 tf_box tf_w\">\n\t\t            <div  data-lazy=\"1\" class=\"module_column sub_column col-full tb_gz7i650 first\">\n                                                        <div class=\"tb-column-inner tf_box tf_w\">\n                        <!-- module text -->\n<div  class=\"module module-text tb_dh10171   \" data-lazy=\"1\">\n        <div  class=\"tb_text_wrap\">\n    <h3>Hizmetlerimiz<\/h3>\n<p>\u00a0<\/p>    <\/div>\n<\/div>\n<!-- \/module text -->                    <\/div>\n                            <\/div>\n            \t    <\/div>\n\t<\/div><!-- \/themify_builder_sub_row -->\n\t\t<div  data-lazy=\"1\" class=\"module_subrow themify_builder_sub_row tb_awgj662 tf_w tf_clearfix\">\n\t    \t\t\t<div class=\"subrow_inner col_align_top tb_col_count_1 tf_box tf_w\">\n\t\t            <div  data-lazy=\"1\" class=\"module_column sub_column col-full tb_c7l1663 first\">\n                                                        <div class=\"tb-column-inner tf_box tf_w\">\n                        <!-- module text -->\n<div  class=\"module module-text tb_p3lr394   \" data-lazy=\"1\">\n        <div  class=\"tb_text_wrap\">\n    <p><strong><u>Kara Hizmetleri<\/u>:<\/strong><\/p>\n<p>Otopark, palamar, kire\u00e7ten ar\u0131nd\u0131r\u0131lm\u0131\u015f ve filtre edilmi\u015f su, \u00f6zel tasar\u0131m du\u015f ve tuvaletler, trambolin, kablosuz internet, yat kiralama, jenerat\u00f6r<\/p>\n<p>\u00a0<\/p>\n<p><strong><u>Ofis Hizmetleri<\/u>:<\/strong><\/p>\n<p>24 saat\/365 g\u00fcn a\u00e7\u0131k, g\u00fcmr\u00fck giri\u015f-\u00e7\u0131k\u0131\u015f prosed\u00fcrlerine yard\u0131m, g\u00fcnl\u00fck hava tahmini, d\u00f6viz bozdurma, kargo, transfer, posta, telekom\u00fcnikasyon hizmetleri, at\u0131k pil toplama, kaptanl\u0131k hizmeti ile tekne kullanma e\u011fitimi<\/p>    <\/div>\n<\/div>\n<!-- \/module text -->                    <\/div>\n                            <\/div>\n            \t    <\/div>\n\t<\/div><!-- \/themify_builder_sub_row -->\n\t                    <\/div>\n                            <\/div>\n                        <div  data-lazy=\"1\" class=\"module_column tb-column tb_48ei151 last\">\n                                                        <div class=\"tb-column-inner tf_box tf_w\">\n                        <!-- module image -->\n<div  class=\"module module-image tb_gczj823   image-top tf_mw\" data-lazy=\"1\" data-parallax-element-speed=\"1\" data-lax-translate-y=\"vh 1,0 -70\" data-lax=\"true\">\n        <div class=\"image-wrap tf_rel tf_mw\">\n\t\t    <img src=\"http:\/\/www.maiyachtclub.com\/wp-content\/uploads\/2022\/12\/IMG_7874-scaled.jpg\" class=\"wp-post-image wp-image-324\" title=\"IMG_7874\" alt=\"IMG_7874\" srcset=\"http:\/\/www.maiyachtclub.com\/wp-content\/uploads\/2022\/12\/IMG_7874-scaled.jpg 1920w, http:\/\/www.maiyachtclub.com\/wp-content\/uploads\/2022\/12\/IMG_7874-225x300.jpg 225w, http:\/\/www.maiyachtclub.com\/wp-content\/uploads\/2022\/12\/IMG_7874-768x1024.jpg 768w, http:\/\/www.maiyachtclub.com\/wp-content\/uploads\/2022\/12\/IMG_7874-1152x1536.jpg 1152w, http:\/\/www.maiyachtclub.com\/wp-content\/uploads\/2022\/12\/IMG_7874-1536x2048.jpg 1536w, http:\/\/www.maiyachtclub.com\/wp-content\/uploads\/2022\/12\/IMG_7874-768x1024-555x740.jpg 555w\" sizes=\"(max-width: 1920px) 100vw, 1920px\" \/>\t\n\t\t<\/div>\n\t<!-- \/image-wrap -->\n    \n    \t<\/div>\n<!-- \/module image -->                    <\/div>\n                            <\/div>\n            \t    <\/div>\n\t    <!-- \/row_inner -->\n\t<\/div>\n\t<!-- \/module_row -->\n\t<\/div>\n<!--\/themify_builder_content-->","protected":false},"excerpt":{"rendered":"<p>Classes &amp; Activities Monthly Pass = free unlimited classes. Or join one class, get a bonus class free.\u00a0 Hizmetlerimiz \u00a0 Kara Hizmetleri: Otopark, palamar, kire\u00e7ten ar\u0131nd\u0131r\u0131lm\u0131\u015f ve filtre edilmi\u015f su, \u00f6zel tasar\u0131m du\u015f ve tuvaletler, trambolin, kablosuz internet, yat kiralama, jenerat\u00f6r \u00a0 Ofis Hizmetleri: 24 saat\/365 g\u00fcn a\u00e7\u0131k, g\u00fcmr\u00fck giri\u015f-\u00e7\u0131k\u0131\u015f prosed\u00fcrlerine yard\u0131m, g\u00fcnl\u00fck hava tahmini, [&hellip;]<\/p>\n","protected":false},"author":1,"featured_media":0,"parent":0,"menu_order":0,"comment_status":"closed","ping_status":"closed","template":"","meta":{"footnotes":""},"builder_content":"<h1>Classes &amp; Activities<\/h1> <h3>Monthly Pass = free unlimited classes.<\/h3> <h3>Or join one class, get a bonus class free.\u00a0<\/h3>\n<h3>Hizmetlerimiz<\/h3> <p>\u00a0<\/p>\n<p><strong><u>Kara Hizmetleri<\/u>:<\/strong><\/p> <p>Otopark, palamar, kire\u00e7ten ar\u0131nd\u0131r\u0131lm\u0131\u015f ve filtre edilmi\u015f su, \u00f6zel tasar\u0131m du\u015f ve tuvaletler, trambolin, kablosuz internet, yat kiralama, jenerat\u00f6r<\/p> <p>\u00a0<\/p> <p><strong><u>Ofis Hizmetleri<\/u>:<\/strong><\/p> <p>24 saat\/365 g\u00fcn a\u00e7\u0131k, g\u00fcmr\u00fck giri\u015f-\u00e7\u0131k\u0131\u015f prosed\u00fcrlerine yard\u0131m, g\u00fcnl\u00fck hava tahmini, d\u00f6viz bozdurma, kargo, transfer, posta, telekom\u00fcnikasyon hizmetleri, at\u0131k pil toplama, kaptanl\u0131k hizmeti ile tekne kullanma e\u011fitimi<\/p>\n<img src=\"http:\/\/www.maiyachtclub.com\/wp-content\/uploads\/2022\/12\/IMG_7874-scaled.jpg\" title=\"IMG_7874\" alt=\"IMG_7874\" srcset=\"http:\/\/www.maiyachtclub.com\/wp-content\/uploads\/2022\/12\/IMG_7874-scaled.jpg 1920w, http:\/\/www.maiyachtclub.com\/wp-content\/uploads\/2022\/12\/IMG_7874-225x300.jpg 225w, http:\/\/www.maiyachtclub.com\/wp-content\/uploads\/2022\/12\/IMG_7874-768x1024.jpg 768w, http:\/\/www.maiyachtclub.com\/wp-content\/uploads\/2022\/12\/IMG_7874-1152x1536.jpg 1152w, http:\/\/www.maiyachtclub.com\/wp-content\/uploads\/2022\/12\/IMG_7874-1536x2048.jpg 1536w, http:\/\/www.maiyachtclub.com\/wp-content\/uploads\/2022\/12\/IMG_7874-768x1024-555x740.jpg 555w\" sizes=\"(max-width: 1920px) 100vw, 1920px\" \/>","_links":{"self":[{"href":"http:\/\/www.maiyachtclub.com\/index.php\/wp-json\/wp\/v2\/pages\/284"}],"collection":[{"href":"http:\/\/www.maiyachtclub.com\/index.php\/wp-json\/wp\/v2\/pages"}],"about":[{"href":"http:\/\/www.maiyachtclub.com\/index.php\/wp-json\/wp\/v2\/types\/page"}],"author":[{"embeddable":true,"href":"http:\/\/www.maiyachtclub.com\/index.php\/wp-json\/wp\/v2\/users\/1"}],"replies":[{"embeddable":true,"href":"http:\/\/www.maiyachtclub.com\/index.php\/wp-json\/wp\/v2\/comments?post=284"}],"version-history":[{"count":2,"href":"http:\/\/www.maiyachtclub.com\/index.php\/wp-json\/wp\/v2\/pages\/284\/revisions"}],"predecessor-version":[{"id":335,"href":"http:\/\/www.maiyachtclub.com\/index.php\/wp-json\/wp\/v2\/pages\/284\/revisions\/335"}],"wp:attachment":[{"href":"http:\/\/www.maiyachtclub.com\/index.php\/wp-json\/wp\/v2\/media?parent=284"}],"curies":[{"name":"wp","href":"https:\/\/api.w.org\/{rel}","templated":true}]}}