{"id":285,"date":"2019-07-28T10:00:09","date_gmt":"2019-07-28T10:00:09","guid":{"rendered":"http:\/\/www.maiyachtclub.com\/index.php\/about\/"},"modified":"2022-12-22T14:11:20","modified_gmt":"2022-12-22T14:11:20","slug":"about","status":"publish","type":"page","link":"http:\/\/www.maiyachtclub.com\/index.php\/about\/","title":{"rendered":"About"},"content":{"rendered":"<!--themify_builder_content-->\n<div id=\"themify_builder_content-285\" data-postid=\"285\" class=\"themify_builder_content themify_builder_content-285 themify_builder tf_clear\">\n    \t\t\t<!-- module_row -->\n\t<div  data-css_id=\"nyd8923\" data-lazy=\"1\" class=\"module_row themify_builder_row fullwidth_row_container tb_nyd8923 tb_first tf_w tf_clearfix\">\n\t    <div class=\"builder_row_cover tf_abs\"><\/div><div class=\"tb_row_frame_wrap tf_overflow tf_abs\" data-lazy=\"1\"><div class=\"tb_row_frame tb_row_frame_bottom  tf_abs tf_hide tf_overflow tf_w\"><\/div><\/div>\t\t\t<div class=\"row_inner col_align_top tb_col_count_2 tf_box tf_rel\">\n\t\t            <div  data-lazy=\"1\" class=\"module_column tb-column col4-2 tb_9wul157 first\">\n                                                        <div class=\"tb-column-inner tf_box tf_w\">\n                        <!-- module text -->\n<div  class=\"module module-text tb_cekj157   \" data-lazy=\"1\">\n        <div  class=\"tb_text_wrap\">\n    <h1>Fethiye&#8217;nin tek otoparkl\u0131 marinas\u0131.<\/h1>\n<h3>Seyriniz boyunca arac\u0131n\u0131z\u0131 b\u0131rakabilirsiniz.<\/h3>\n<p>Market al\u0131\u015fveri\u015flerinizi iskelenin ba\u015f\u0131na kadar araban\u0131zla getirebilirsiniz.<\/p>    <\/div>\n<\/div>\n<!-- \/module text -->                    <\/div>\n                            <\/div>\n                        <div  data-lazy=\"1\" class=\"module_column tb-column col4-2 tb_0mkt926 last\">\n                                                        <div class=\"tb-column-inner tf_box tf_w\">\n                        <!-- module image -->\n<div  class=\"module module-image tb_jfka305   image-top tf_mw\" data-lazy=\"1\">\n        <div class=\"image-wrap tf_rel tf_mw\">\n\t\t    <img src=\"http:\/\/www.maiyachtclub.com\/wp-content\/uploads\/2022\/12\/LOGO_03.png\" class=\"wp-post-image wp-image-317\" title=\"LOGO_03\" alt=\"LOGO_03\" srcset=\"http:\/\/www.maiyachtclub.com\/wp-content\/uploads\/2022\/12\/LOGO_03.png 1029w, http:\/\/www.maiyachtclub.com\/wp-content\/uploads\/2022\/12\/LOGO_03-300x107.png 300w, http:\/\/www.maiyachtclub.com\/wp-content\/uploads\/2022\/12\/LOGO_03-1024x364.png 1024w, http:\/\/www.maiyachtclub.com\/wp-content\/uploads\/2022\/12\/LOGO_03-768x273.png 768w\" sizes=\"(max-width: 1029px) 100vw, 1029px\" \/>\t\n\t\t<\/div>\n\t<!-- \/image-wrap -->\n    \n    \t<\/div>\n<!-- \/module image -->                    <\/div>\n                            <\/div>\n            \t    <\/div>\n\t    <!-- \/row_inner -->\n\t<\/div>\n\t<!-- \/module_row -->\n\t\t\t\t<!-- module_row -->\n\t<div  data-lazy=\"1\" class=\"module_row themify_builder_row tb_aitv715 tf_w tf_clearfix\">\n\t    \t\t\t<div class=\"row_inner col_align_top tb_col_count_1 tf_box tf_rel\">\n\t\t            <div  data-lazy=\"1\" class=\"module_column tb-column col-full tb_topg716 first\">\n                                                        <div class=\"tb-column-inner tf_box tf_w\">\n                        <!-- module text -->\n<div  class=\"module module-text tb_x0oy407   \" data-lazy=\"1\">\n        <div  class=\"tb_text_wrap\">\n    <p>Tela\u015ftan uzak, keyifle dinlenebilece\u011finiz bir yer ar\u0131yorsan\u0131z her zaman bekleriz\u2026<\/p>    <\/div>\n<\/div>\n<!-- \/module text -->                    <\/div>\n                            <\/div>\n            \t    <\/div>\n\t    <!-- \/row_inner -->\n\t<\/div>\n\t<!-- \/module_row -->\n\t\t\t\t<!-- module_row -->\n\t<div  data-lazy=\"1\" class=\"module_row themify_builder_row tb_9mvr617 tf_w tf_clearfix\">\n\t    <div class=\"tb_row_frame_wrap tf_overflow tf_abs\" data-lazy=\"1\"><div class=\"tb_row_frame tb_row_frame_top  tf_abs tf_hide tf_overflow tf_w\"><\/div><div class=\"tb_row_frame tb_row_frame_bottom  tf_abs tf_hide tf_overflow tf_w\"><\/div><\/div>\t\t\t<div class=\"row_inner col_align_top tb_col_count_1 tf_box tf_rel\">\n\t\t            <div  data-lazy=\"1\" class=\"module_column tb-column col-full tb_ipar619 first\">\n                                                        <div class=\"tb-column-inner tf_box tf_w\">\n                        \t<div  data-lazy=\"1\" class=\"module_subrow themify_builder_sub_row tb_xyzg697 tf_w tf_clearfix\">\n\t    \t\t\t<div class=\"subrow_inner col_align_middle tb_col_count_2 tf_box tf_w\">\n\t\t            <div  data-lazy=\"1\" class=\"module_column sub_column tb_0ngq698 first\">\n                                                        <div class=\"tb-column-inner tf_box tf_w\">\n                        <!-- module text -->\n<div  class=\"module module-text tb_f970186   \" data-lazy=\"1\">\n        <div  class=\"tb_text_wrap\">\n    <h3>Hakk\u0131m\u0131zda<\/h3>\n<p>2022 y\u0131l\u0131nda faaliyet g\u00f6stermeye ba\u015flam\u0131\u015f ve 35 teknelik butik bir marina olan Yacht Club Mai bir \u201cAnkara Kaptan\u201d markas\u0131d\u0131r.<\/p>\n<p>Marinam\u0131z, Fethiye\u2019nin belki de en sakin g\u00f6lgesinde yer almaktad\u0131r. Deniz \u00fczerinde kurulu seyir teras\u0131nda denizin keyfini \u00e7\u0131karabilir, a\u011f\u0131r bir seyrin ard\u0131ndan \u00f6zel tasar\u0131m du\u015flar\u0131m\u0131z alt\u0131nda dinlenebilirsiniz. Fethiye\u2019nin tek otopark\u0131 olan marinam\u0131zda seyriniz boyunca arac\u0131n\u0131z\u0131 b\u0131rakabilir, market al\u0131\u015fveri\u015flerinizi iskelenin ba\u015f\u0131na kadar araban\u0131zla getirebilirsiniz. Kire\u00e7ten ar\u0131nd\u0131r\u0131lm\u0131\u015f ve filtre edilmi\u015f suyu g\u00fcvenle teknenize doldurabilirsiniz. \u00c7ocuklar\u0131n\u0131z trambolinde z\u0131plarken, sizlerde ye\u015fil \u00e7imler \u00fczerinde kahvenizi yudumlayabilirsiniz.<\/p>\n<p>Tela\u015ftan uzak, keyifle dinlenebilece\u011finiz bir yer ar\u0131yorsan\u0131z her zaman bekleriz\u2026<\/p>    <\/div>\n<\/div>\n<!-- \/module text -->                    <\/div>\n                            <\/div>\n                        <div  data-lazy=\"1\" class=\"module_column sub_column tb_96v2698 last\">\n                                                        <div class=\"tb-column-inner tf_box tf_w\">\n                        <!-- module image -->\n<div  class=\"module module-image tb_9fau220   image-top tf_mw\" data-lazy=\"1\" data-parallax-element-speed=\"2\" data-lax-translate-y=\"vh 1,0 -140\" data-lax=\"true\">\n        <div class=\"image-wrap tf_rel tf_mw\">\n\t\t    <img src=\"http:\/\/www.maiyachtclub.com\/wp-content\/uploads\/2022\/12\/IMG_7862-scaled.jpg\" class=\"wp-post-image wp-image-326\" title=\"IMG_7862\" alt=\"IMG_7862\" srcset=\"http:\/\/www.maiyachtclub.com\/wp-content\/uploads\/2022\/12\/IMG_7862-scaled.jpg 1920w, http:\/\/www.maiyachtclub.com\/wp-content\/uploads\/2022\/12\/IMG_7862-225x300.jpg 225w, http:\/\/www.maiyachtclub.com\/wp-content\/uploads\/2022\/12\/IMG_7862-768x1024.jpg 768w, http:\/\/www.maiyachtclub.com\/wp-content\/uploads\/2022\/12\/IMG_7862-1152x1536.jpg 1152w, http:\/\/www.maiyachtclub.com\/wp-content\/uploads\/2022\/12\/IMG_7862-1536x2048.jpg 1536w\" sizes=\"(max-width: 1920px) 100vw, 1920px\" \/>\t\n\t\t<\/div>\n\t<!-- \/image-wrap -->\n    \n    \t<\/div>\n<!-- \/module image -->                    <\/div>\n                            <\/div>\n            \t    <\/div>\n\t<\/div><!-- \/themify_builder_sub_row -->\n\t                    <\/div>\n                            <\/div>\n            \t    <\/div>\n\t    <!-- \/row_inner -->\n\t<\/div>\n\t<!-- \/module_row -->\n\t<\/div>\n<!--\/themify_builder_content-->","protected":false},"excerpt":{"rendered":"<p>Fethiye&#8217;nin tek otoparkl\u0131 marinas\u0131. Seyriniz boyunca arac\u0131n\u0131z\u0131 b\u0131rakabilirsiniz. Market al\u0131\u015fveri\u015flerinizi iskelenin ba\u015f\u0131na kadar araban\u0131zla getirebilirsiniz. Tela\u015ftan uzak, keyifle dinlenebilece\u011finiz bir yer ar\u0131yorsan\u0131z her zaman bekleriz\u2026 Hakk\u0131m\u0131zda 2022 y\u0131l\u0131nda faaliyet g\u00f6stermeye ba\u015flam\u0131\u015f ve 35 teknelik butik bir marina olan Yacht Club Mai bir \u201cAnkara Kaptan\u201d markas\u0131d\u0131r. Marinam\u0131z, Fethiye\u2019nin belki de en sakin g\u00f6lgesinde yer almaktad\u0131r. Deniz [&hellip;]<\/p>\n","protected":false},"author":1,"featured_media":0,"parent":0,"menu_order":0,"comment_status":"closed","ping_status":"closed","template":"","meta":{"footnotes":""},"builder_content":"<h1>Fethiye'nin tek otoparkl\u0131 marinas\u0131.<\/h1> <h3>Seyriniz boyunca arac\u0131n\u0131z\u0131 b\u0131rakabilirsiniz.<\/h3> <p>Market al\u0131\u015fveri\u015flerinizi iskelenin ba\u015f\u0131na kadar araban\u0131zla getirebilirsiniz.<\/p>\n<img src=\"http:\/\/www.maiyachtclub.com\/wp-content\/uploads\/2022\/12\/LOGO_03.png\" title=\"LOGO_03\" alt=\"LOGO_03\" srcset=\"http:\/\/www.maiyachtclub.com\/wp-content\/uploads\/2022\/12\/LOGO_03.png 1029w, http:\/\/www.maiyachtclub.com\/wp-content\/uploads\/2022\/12\/LOGO_03-300x107.png 300w, http:\/\/www.maiyachtclub.com\/wp-content\/uploads\/2022\/12\/LOGO_03-1024x364.png 1024w, http:\/\/www.maiyachtclub.com\/wp-content\/uploads\/2022\/12\/LOGO_03-768x273.png 768w\" sizes=\"(max-width: 1029px) 100vw, 1029px\" \/>\n<p>Tela\u015ftan uzak, keyifle dinlenebilece\u011finiz bir yer ar\u0131yorsan\u0131z her zaman bekleriz\u2026<\/p>\n<h3>Hakk\u0131m\u0131zda<\/h3> <p>2022 y\u0131l\u0131nda faaliyet g\u00f6stermeye ba\u015flam\u0131\u015f ve 35 teknelik butik bir marina olan Yacht Club Mai bir \u201cAnkara Kaptan\u201d markas\u0131d\u0131r.<\/p> <p>Marinam\u0131z, Fethiye\u2019nin belki de en sakin g\u00f6lgesinde yer almaktad\u0131r. Deniz \u00fczerinde kurulu seyir teras\u0131nda denizin keyfini \u00e7\u0131karabilir, a\u011f\u0131r bir seyrin ard\u0131ndan \u00f6zel tasar\u0131m du\u015flar\u0131m\u0131z alt\u0131nda dinlenebilirsiniz. Fethiye\u2019nin tek otopark\u0131 olan marinam\u0131zda seyriniz boyunca arac\u0131n\u0131z\u0131 b\u0131rakabilir, market al\u0131\u015fveri\u015flerinizi iskelenin ba\u015f\u0131na kadar araban\u0131zla getirebilirsiniz. Kire\u00e7ten ar\u0131nd\u0131r\u0131lm\u0131\u015f ve filtre edilmi\u015f suyu g\u00fcvenle teknenize doldurabilirsiniz. \u00c7ocuklar\u0131n\u0131z trambolinde z\u0131plarken, sizlerde ye\u015fil \u00e7imler \u00fczerinde kahvenizi yudumlayabilirsiniz.<\/p> <p>Tela\u015ftan uzak, keyifle dinlenebilece\u011finiz bir yer ar\u0131yorsan\u0131z her zaman bekleriz\u2026<\/p>\n<img src=\"http:\/\/www.maiyachtclub.com\/wp-content\/uploads\/2022\/12\/IMG_7862-scaled.jpg\" title=\"IMG_7862\" alt=\"IMG_7862\" srcset=\"http:\/\/www.maiyachtclub.com\/wp-content\/uploads\/2022\/12\/IMG_7862-scaled.jpg 1920w, http:\/\/www.maiyachtclub.com\/wp-content\/uploads\/2022\/12\/IMG_7862-225x300.jpg 225w, http:\/\/www.maiyachtclub.com\/wp-content\/uploads\/2022\/12\/IMG_7862-768x1024.jpg 768w, http:\/\/www.maiyachtclub.com\/wp-content\/uploads\/2022\/12\/IMG_7862-1152x1536.jpg 1152w, http:\/\/www.maiyachtclub.com\/wp-content\/uploads\/2022\/12\/IMG_7862-1536x2048.jpg 1536w\" sizes=\"(max-width: 1920px) 100vw, 1920px\" \/>","_links":{"self":[{"href":"http:\/\/www.maiyachtclub.com\/index.php\/wp-json\/wp\/v2\/pages\/285"}],"collection":[{"href":"http:\/\/www.maiyachtclub.com\/index.php\/wp-json\/wp\/v2\/pages"}],"about":[{"href":"http:\/\/www.maiyachtclub.com\/index.php\/wp-json\/wp\/v2\/types\/page"}],"author":[{"embeddable":true,"href":"http:\/\/www.maiyachtclub.com\/index.php\/wp-json\/wp\/v2\/users\/1"}],"replies":[{"embeddable":true,"href":"http:\/\/www.maiyachtclub.com\/index.php\/wp-json\/wp\/v2\/comments?post=285"}],"version-history":[{"count":4,"href":"http:\/\/www.maiyachtclub.com\/index.php\/wp-json\/wp\/v2\/pages\/285\/revisions"}],"predecessor-version":[{"id":328,"href":"http:\/\/www.maiyachtclub.com\/index.php\/wp-json\/wp\/v2\/pages\/285\/revisions\/328"}],"wp:attachment":[{"href":"http:\/\/www.maiyachtclub.com\/index.php\/wp-json\/wp\/v2\/media?parent=285"}],"curies":[{"name":"wp","href":"https:\/\/api.w.org\/{rel}","templated":true}]}}